{"id":60,"date":"2015-04-15T10:57:41","date_gmt":"2015-04-15T10:57:41","guid":{"rendered":"http:\/\/welfare.cmsmasters.net\/?page_id=60"},"modified":"2023-09-08T09:35:28","modified_gmt":"2023-09-08T09:35:28","slug":"contacto","status":"publish","type":"page","link":"https:\/\/restaurantelarustica.com\/pizzaypasta\/contacto\/","title":{"rendered":"Contacto"},"content":{"rendered":"<style type=\"text\/css\"> \n#cmsmasters_row_69fb298be99204_99465013 .cmsmasters_row_outer_parent { \n\tpadding-top: 115px; \n} \n\n#cmsmasters_row_69fb298be99204_99465013 .cmsmasters_row_outer_parent { \n\tpadding-bottom: 90px; \n} \n\n \n#cmsmasters_heading_69fb298be9c755_16459728 { \n\ttext-align:left; \n\tmargin-top:0px; \n\tmargin-bottom:20px; \n} \n\n#cmsmasters_heading_69fb298be9c755_16459728 .cmsmasters_heading { \n\ttext-align:left; \n} \n\n#cmsmasters_heading_69fb298be9c755_16459728 .cmsmasters_heading, #cmsmasters_heading_69fb298be9c755_16459728 .cmsmasters_heading a { \n\tfont-size:65px; \n\tfont-weight:bold; \n\tfont-style:normal; \n\tcolor:#ffffff;\n} \n\n#cmsmasters_heading_69fb298be9c755_16459728 .cmsmasters_heading_divider { \n} \n\n \n#cmsmasters_heading_69fb298be9d9a6_81173921 { \n\ttext-align:left; \n\tmargin-top:0px; \n\tmargin-bottom:40px; \n} \n\n#cmsmasters_heading_69fb298be9d9a6_81173921 .cmsmasters_heading { \n\ttext-align:left; \n} \n\n#cmsmasters_heading_69fb298be9d9a6_81173921 .cmsmasters_heading, #cmsmasters_heading_69fb298be9d9a6_81173921 .cmsmasters_heading a { \n\tfont-size:24px; \n\tline-height:26px; \n\tfont-weight:normal; \n\tfont-style:normal; \n\tcolor:#cfdf5a;\n} \n\n#cmsmasters_heading_69fb298be9d9a6_81173921 .cmsmasters_heading_divider { \n} \n\n \n#cmsmasters_divider_69fb298be9fe15_10314976 { \n\tborder-bottom-width:1px; \n\tborder-bottom-style:solid; \n\tpadding-top:50px; \n\tmargin-bottom:50px; \n} \n \n#cmsmasters_heading_69fb298bea1203_11690379 { \n\ttext-align:left; \n\tmargin-top:20px; \n\tmargin-bottom:40px; \n} \n\n#cmsmasters_heading_69fb298bea1203_11690379 .cmsmasters_heading { \n\ttext-align:left; \n} \n\n#cmsmasters_heading_69fb298bea1203_11690379 .cmsmasters_heading, #cmsmasters_heading_69fb298bea1203_11690379 .cmsmasters_heading a { \n\tfont-size:60px; \n\tfont-weight:bold; \n\tfont-style:normal; \n\tcolor:#ffffff;\n} \n\n#cmsmasters_heading_69fb298bea1203_11690379 .cmsmasters_heading_divider { \n} \n\n \n\n#cmsmasters_fb_69fb298bea1657_69946947 { \n\tpadding-top:0px; \n\tpadding-bottom:0px; \n\tbackground-color:rgba(255,255,255,0);\n} \n\n#cmsmasters_fb_69fb298bea1657_69946947 .featured_block_inner { \n\twidth: 100%; \n\tpadding: 0px 0px 0px 0px ; \n\ttext-align: left; \n\tmargin:0 auto; \n\tbackground-color:rgba(255,255,255,0);\n} \n\n#cmsmasters_fb_69fb298bea1657_69946947 .featured_block_text { \n\ttext-align: left; \n} \n\n \n#cmsmasters_icon_69fb298bea22b7_78163879 { \n\tdisplay:inline-block; \n\ttext-align:center; } \n\n#cmsmasters_icon_69fb298bea22b7_78163879 .cmsmasters_simple_icon { \n\tborder-width:0px; \n\twidth:35px; \n\theight:35px; \n\tfont-size:20px; \n\tline-height:35px; \n\ttext-align:center; \n\t-webkit-border-radius:50%; \n\tborder-radius:50%; \n\tcolor:#282828;\n\tbackground-color:#cfdf5a;} \n \n#cmsmasters_icon_69fb298bea25d1_91405051 { \n\tdisplay:inline-block; \n\ttext-align:center; } \n\n#cmsmasters_icon_69fb298bea25d1_91405051 .cmsmasters_simple_icon { \n\tborder-width:0px; \n\twidth:35px; \n\theight:35px; \n\tfont-size:20px; \n\tline-height:35px; \n\ttext-align:center; \n\t-webkit-border-radius:50%; \n\tborder-radius:50%; \n\tcolor:#282828;\n\tbackground-color:#cfdf5a;} \n \n#cmsmasters_icon_69fb298bea2848_85997101 { \n\tdisplay:inline-block; \n\ttext-align:center; } \n\n#cmsmasters_icon_69fb298bea2848_85997101 .cmsmasters_simple_icon { \n\tborder-width:0px; \n\twidth:35px; \n\theight:35px; \n\tfont-size:20px; \n\tline-height:35px; \n\ttext-align:center; \n\t-webkit-border-radius:50%; \n\tborder-radius:50%; \n\tcolor:#282828;\n\tbackground-color:#cfdf5a;} \n \n#cmsmasters_heading_69fb298bea4234_32628298 { \n\ttext-align:left; \n\tmargin-top:0px; \n\tmargin-bottom:20px; \n} \n\n#cmsmasters_heading_69fb298bea4234_32628298 .cmsmasters_heading { \n\ttext-align:left; \n} \n\n#cmsmasters_heading_69fb298bea4234_32628298 .cmsmasters_heading, #cmsmasters_heading_69fb298bea4234_32628298 .cmsmasters_heading a { \n\tfont-size:65px; \n\tfont-weight:bold; \n\tfont-style:normal; \n\tcolor:#ffffff;\n} \n\n#cmsmasters_heading_69fb298bea4234_32628298 .cmsmasters_heading_divider { \n} \n\n<\/style><div id=\"cmsmasters_row_69fb298be99204_99465013\" class=\"cmsmasters_row cmsmasters_color_scheme_default cmsmasters_row_top_default cmsmasters_row_bot_default cmsmasters_row_boxed\">\n<div class=\"cmsmasters_row_outer_parent\">\n<div class=\"cmsmasters_row_outer\">\n<div class=\"cmsmasters_row_inner\">\n<div class=\"cmsmasters_row_margin\">\n<div class=\"cmsmasters_column one_half\">\n\n<div id=\"cmsmasters_heading_69fb298be9c755_16459728\" class=\"cmsmasters_heading_wrap cmsmasters_heading_align_left\">\n\t<h1 class=\"cmsmasters_heading\">\u00bfD\u00f3nde estamos?<\/h1>\n<\/div>\n<div id=\"cmsmasters_heading_69fb298be9d9a6_81173921\" class=\"cmsmasters_heading_wrap cmsmasters_heading_align_left\">\n\t<h4 class=\"cmsmasters_heading\">Nos encontramos en Playa Blanca, Arrecife y C.C. Open Mall.<\/h4>\n<\/div><div class=\"cmsmasters_text\">\n<h5 style=\"text-align: left;\">Nos encontramos en las zonas m\u00e1s destacadas de Lanzarote; Playa Blanca, Arrecife y C.C. Open Mall, donde se localizan los lugares m\u00e1s impresionantes de nuestra isla.<\/h5>\n<\/div>\n\n<div id=\"cmsmasters_divider_69fb298be9fe15_10314976\" class=\"cmsmasters_divider cmsmasters_divider_width_long cmsmasters_divider_pos_center\"><\/div>\n\n<div id=\"cmsmasters_heading_69fb298bea1203_11690379\" class=\"cmsmasters_heading_wrap cmsmasters_heading_align_left\">\n\t<h1 class=\"cmsmasters_heading\">S\u00edguenos en Redes Sociales<\/h1>\n<\/div><div id=\"cmsmasters_fb_69fb298bea1657_69946947\" class=\"cmsmasters_featured_block\">\n<div class=\"featured_block_inner\">\n<div class=\"featured_block_text\">\n\n<div id=\"cmsmasters_icon_69fb298bea22b7_78163879\" class=\"cmsmasters_icon_wrap\"><a href=\"https:\/\/www.facebook.com\/larusticapizzaypasta\/\"><span class=\"cmsmasters_simple_icon cmsmasters-icon-facebook\"><\/span><\/a><\/div>\n\n<div id=\"cmsmasters_icon_69fb298bea25d1_91405051\" class=\"cmsmasters_icon_wrap\"><a href=\"https:\/\/www.instagram.com\/larusticapizzaypasta\/\"><span class=\"cmsmasters_simple_icon cmsmasters-icon-instagram\"><\/span><\/a><\/div>\n\n<div id=\"cmsmasters_icon_69fb298bea2848_85997101\" class=\"cmsmasters_icon_wrap\"><a href=\"https:\/\/www.google.es\/maps\/uv?hl=es&amp;pb=!1s0xc463737d8887113:0xa3493a23baee1c13!2m22!2m2!1i80!2i80!3m1!2i20!16m16!1b1!2m2!1m1!1e1!2m2!1m1!1e3!2m2!1m1!1e5!2m2!1m1!1e4!2m2!1m1!1e6!3m1!7e115!4shttps:\/\/lh5.googleusercontent.com\/p\/AF1QipMIx1okacIS6-K0WLrJCimWvn1V0XiqGrcVlP3k%3Dw640-h200-k-no!5sla+rustica+playa+blanca+-+Buscar+con+Google&amp;imagekey=!1e10!2sAF1QipMIx1okacIS6-K0WLrJCimWvn1V0XiqGrcVlP3k&amp;sa=X&amp;ved=2ahUKEwiO1fyMoMzcAhUt4YUKHeZGDWgQoiowCnoECAsQCQ\"><span class=\"cmsmasters_simple_icon cmsmasters-icon-google\"><\/span><\/a><\/div>\n<a href=\"https:\/\/www.tripadvisor.es\/Restaurant_Review-g652121-d4238755-Reviews-La_Rustica-Playa_Blanca_Lanzarote_Canary_Islands.html\" target=\"_blank\" rel=\"noopener noreferrer\"><img decoding=\"async\" src=\"https:\/\/www.tripadvisor.es\/img\/cdsi\/img2\/branding\/socialWidget\/32x32_green-21690-2.png\" \/><\/a><\/p>\n<p><script async=\"\" src=\"https:\/\/www.jscache.com\/wejs?wtype=socialButtonIcon&amp;uniq=219&amp;locationId=4238755&amp;color=green&amp;size=lg&amp;lang=es&amp;display_version=2\"><\/script><\/p>\n<\/div>\n<\/div>\n<\/div>\n<\/div>\n<div class=\"cmsmasters_column one_half\">\n\n<div id=\"cmsmasters_heading_69fb298bea4234_32628298\" class=\"cmsmasters_heading_wrap cmsmasters_heading_align_left\">\n\t<h1 class=\"cmsmasters_heading\">Env\u00edanos tus comentarios<\/h1>\n<\/div>\n<div class=\"cmsmasters_contact_form\">\n<div class=\"wpcf7 no-js\" id=\"wpcf7-f12945-o1\" lang=\"es-ES\" dir=\"ltr\" data-wpcf7-id=\"12945\">\n<div class=\"screen-reader-response\"><p role=\"status\" aria-live=\"polite\" aria-atomic=\"true\"><\/p> <ul><\/ul><\/div>\n<form action=\"\/pizzaypasta\/wp-json\/wp\/v2\/pages\/60#wpcf7-f12945-o1\" method=\"post\" class=\"wpcf7-form init\" aria-label=\"Formulario de contacto\" novalidate=\"novalidate\" data-status=\"init\">\n<fieldset class=\"hidden-fields-container\"><input type=\"hidden\" name=\"_wpcf7\" value=\"12945\" \/><input type=\"hidden\" name=\"_wpcf7_version\" value=\"6.1.5\" \/><input type=\"hidden\" name=\"_wpcf7_locale\" value=\"es_ES\" \/><input type=\"hidden\" name=\"_wpcf7_unit_tag\" value=\"wpcf7-f12945-o1\" \/><input type=\"hidden\" name=\"_wpcf7_container_post\" value=\"0\" \/><input type=\"hidden\" name=\"_wpcf7_posted_data_hash\" value=\"\" \/><input type=\"hidden\" name=\"_wpcf7_recaptcha_response\" value=\"\" \/>\n<\/fieldset>\n<p><label> Tu nombre (requerido)<br \/>\n<span class=\"wpcf7-form-control-wrap\" data-name=\"your-name\"><input size=\"40\" maxlength=\"400\" class=\"wpcf7-form-control wpcf7-text wpcf7-validates-as-required\" aria-required=\"true\" aria-invalid=\"false\" value=\"\" type=\"text\" name=\"your-name\" \/><\/span> <\/label>\n<\/p>\n<p><label> Tu correo electr\u00f3nico (requerido)<br \/>\n<span class=\"wpcf7-form-control-wrap\" data-name=\"your-email\"><input size=\"40\" maxlength=\"400\" class=\"wpcf7-form-control wpcf7-email wpcf7-validates-as-required wpcf7-text wpcf7-validates-as-email\" aria-required=\"true\" aria-invalid=\"false\" value=\"\" type=\"email\" name=\"your-email\" \/><\/span> <\/label>\n<\/p>\n<p><label> Asunto<br \/>\nContacto Formulario Web La Rustica Pizza y Pasta <\/label>\n<\/p>\n<p><label> Tu mensaje<br \/>\n<span class=\"wpcf7-form-control-wrap\" data-name=\"your-message\"><textarea cols=\"40\" rows=\"10\" maxlength=\"2000\" class=\"wpcf7-form-control wpcf7-textarea\" aria-invalid=\"false\" name=\"your-message\"><\/textarea><\/span> <\/label>\n<\/p>\n<p><label> Identidad: Ruspagol, S.L., NIF:B76304773, Direcci\u00f3n: Av.Papagayo 67-69, 35580 Playa Blanca, Las Palmas, Tel\u00e9fono: 928349390, correo electr\u00f3nico: info@restaurantelarustica.com.<br \/>\n\"En nombre de la empresa tratamos la informaci\u00f3n que nos facilita con el fin de prestarles el servicio solicitado, realizar la facturaci\u00f3n del mismo. Los datos proporcionados se conservar\u00e1n mientras se mantenga la relaci\u00f3n comercial o durante los a\u00f1os necesarios para cumplir con las obligaciones legales. Los datos no se ceder\u00e1n a terceros salvo en los casos en que exista una obligaci\u00f3n legal. Usted tiene derecho a obtener confirmaci\u00f3n sobre si en Ruspagol, S.L. estamos tratando sus datos personales por tanto tiene derecho a acceder a sus datos personales, rectificar los datos inexactos o solicitar su supresi\u00f3n cuando los datos ya no sean necesarios.<br \/>\nAsimismo solicitamos su autorizaci\u00f3n para ofrecerle productos y servicios relacionados con los solicitados y fidelizarle como cliente\" <\/label>\n<\/p>\n<p><label> \u00bfNos da su autorizaci\u00f3n? (requerido) <\/label><br \/>\n<span class=\"wpcf7-form-control-wrap\" data-name=\"acceptance-420\"><span class=\"wpcf7-form-control wpcf7-acceptance\"><span class=\"wpcf7-list-item\"><label><input type=\"checkbox\" name=\"acceptance-420\" value=\"1\" aria-invalid=\"false\" \/><span class=\"wpcf7-list-item-label\">Marca esta casilla si aceptas las condiciones<\/span><\/label><\/span><\/span><\/span>\n<\/p>\n<p><input class=\"wpcf7-form-control wpcf7-submit has-spinner\" type=\"submit\" value=\"Enviar\" \/>\n<\/p><div class=\"wpcf7-response-output\" aria-hidden=\"true\"><\/div>\n<\/form>\n<\/div>\n<\/div>\n<\/div>\n<\/div>\n<\/div>\n<\/div>\n<\/div>\n<\/div>\n\n","protected":false},"excerpt":{"rendered":"","protected":false},"author":3,"featured_media":0,"parent":0,"menu_order":0,"comment_status":"closed","ping_status":"closed","template":"","meta":{"om_disable_all_campaigns":false,"_monsterinsights_skip_tracking":false,"_monsterinsights_sitenote_active":false,"_monsterinsights_sitenote_note":"","_monsterinsights_sitenote_category":0,"_uf_show_specific_survey":0,"_uf_disable_surveys":false,"_joinchat":[],"footnotes":""},"class_list":["post-60","page","type-page","status-publish","hentry"],"aioseo_notices":[],"_links":{"self":[{"href":"https:\/\/restaurantelarustica.com\/pizzaypasta\/wp-json\/wp\/v2\/pages\/60","targetHints":{"allow":["GET"]}}],"collection":[{"href":"https:\/\/restaurantelarustica.com\/pizzaypasta\/wp-json\/wp\/v2\/pages"}],"about":[{"href":"https:\/\/restaurantelarustica.com\/pizzaypasta\/wp-json\/wp\/v2\/types\/page"}],"author":[{"embeddable":true,"href":"https:\/\/restaurantelarustica.com\/pizzaypasta\/wp-json\/wp\/v2\/users\/3"}],"replies":[{"embeddable":true,"href":"https:\/\/restaurantelarustica.com\/pizzaypasta\/wp-json\/wp\/v2\/comments?post=60"}],"version-history":[{"count":63,"href":"https:\/\/restaurantelarustica.com\/pizzaypasta\/wp-json\/wp\/v2\/pages\/60\/revisions"}],"predecessor-version":[{"id":14510,"href":"https:\/\/restaurantelarustica.com\/pizzaypasta\/wp-json\/wp\/v2\/pages\/60\/revisions\/14510"}],"wp:attachment":[{"href":"https:\/\/restaurantelarustica.com\/pizzaypasta\/wp-json\/wp\/v2\/media?parent=60"}],"curies":[{"name":"wp","href":"https:\/\/api.w.org\/{rel}","templated":true}]}}