{"id":13283,"date":"2018-10-23T14:09:36","date_gmt":"2018-10-23T14:09:36","guid":{"rendered":"https:\/\/restaurantelarustica.com\/pizzaypasta\/?page_id=13283"},"modified":"2020-02-11T19:57:40","modified_gmt":"2020-02-11T19:57:40","slug":"what-do-our-customers-say","status":"publish","type":"page","link":"https:\/\/restaurantelarustica.com\/pizzaypasta\/en\/what-do-our-customers-say\/","title":{"rendered":"What do our customers say"},"content":{"rendered":"<style type=\"text\/css\"> \n#cmsmasters_row_69f326b1df1b06_93060111 { \n\tbackground-image: url(https:\/\/restaurantelarustica.com\/pizzaypasta\/wp-content\/uploads\/2018\/08\/La-Rustica-Playa-Blanca-HD-local-14.jpg); \n\tbackground-position: top center; \n\tbackground-repeat: no-repeat; \n\tbackground-attachment: scroll; \n\tbackground-size: cover; \n} \n\n#cmsmasters_row_69f326b1df1b06_93060111 .cmsmasters_row_outer_parent { \n\tpadding-top: 135px; \n} \n\n#cmsmasters_row_69f326b1df1b06_93060111 .cmsmasters_row_outer_parent { \n\tpadding-bottom: 80px; \n} \n\n \n#cmsmasters_heading_69f326b1e00d62_70967008 { \n\ttext-align:center; \n\tmargin-top:20px; \n\tmargin-bottom:-10px; \n} \n\n#cmsmasters_heading_69f326b1e00d62_70967008 .cmsmasters_heading { \n\ttext-align:center; \n} \n\n#cmsmasters_heading_69f326b1e00d62_70967008 .cmsmasters_heading, #cmsmasters_heading_69f326b1e00d62_70967008 .cmsmasters_heading a { \n\tfont-size:90px; \n\tline-height:100px; \n\tfont-weight:bold; \n\tfont-style:normal; \n\tcolor:#ffffff;\n} \n\n#cmsmasters_heading_69f326b1e00d62_70967008 .cmsmasters_heading_divider { \n} \n\n \n#cmsmasters_heading_69f326b1e01f57_75744567 { \n\ttext-align:center; \n\tmargin-top:0px; \n\tmargin-bottom:-10px; \n} \n\n#cmsmasters_heading_69f326b1e01f57_75744567 .cmsmasters_heading { \n\ttext-align:center; \n} \n\n#cmsmasters_heading_69f326b1e01f57_75744567 .cmsmasters_heading, #cmsmasters_heading_69f326b1e01f57_75744567 .cmsmasters_heading a { \n\tfont-size:100px; \n\tline-height:100px; \n\tfont-weight:bold; \n\tfont-style:normal; \n\tcolor:#ffffff;\n} \n\n#cmsmasters_heading_69f326b1e01f57_75744567 .cmsmasters_heading_divider { \n} \n\n \n#cmsmasters_heading_69f326b1e02da0_91180704 { \n\ttext-align:center; \n\tmargin-top:0px; \n\tmargin-bottom:-10px; \n} \n\n#cmsmasters_heading_69f326b1e02da0_91180704 .cmsmasters_heading { \n\ttext-align:center; \n} \n\n#cmsmasters_heading_69f326b1e02da0_91180704 .cmsmasters_heading, #cmsmasters_heading_69f326b1e02da0_91180704 .cmsmasters_heading a { \n\tfont-size:90px; \n\tline-height:100px; \n\tfont-weight:bold; \n\tfont-style:normal; \n\tcolor:#ffffff;\n} \n\n#cmsmasters_heading_69f326b1e02da0_91180704 .cmsmasters_heading_divider { \n} \n\n \n#cmsmasters_heading_69f326b1e03ce9_69101651 { \n\ttext-align:center; \n\tmargin-top:0px; \n\tmargin-bottom:-10px; \n} \n\n#cmsmasters_heading_69f326b1e03ce9_69101651 .cmsmasters_heading { \n\ttext-align:center; \n} \n\n#cmsmasters_heading_69f326b1e03ce9_69101651 .cmsmasters_heading, #cmsmasters_heading_69f326b1e03ce9_69101651 .cmsmasters_heading a { \n\tfont-size:140px; \n\tline-height:130px; \n\tfont-weight:bold; \n\tfont-style:normal; \n\tcolor:#ffffff;\n} \n\n#cmsmasters_heading_69f326b1e03ce9_69101651 .cmsmasters_heading_divider { \n} \n\n \n#cmsmasters_row_69f326b1e0c2e4_63831832 { \n\tbackground-color:#e44c37;\n} \n\n#cmsmasters_row_69f326b1e0c2e4_63831832 .cmsmasters_row_outer_parent { \n\tpadding-top: 50px; \n} \n\n#cmsmasters_row_69f326b1e0c2e4_63831832 .cmsmasters_row_outer_parent { \n\tpadding-bottom: 45px; \n} \n\n \n#cmsmasters_counters_69f326b1e0d354_39031408 .cmsmasters_counter.counter_has_icon .cmsmasters_counter_inner, \n#cmsmasters_counters_69f326b1e0d354_39031408 .cmsmasters_counter.counter_has_icon .cmsmasters_counter_inner, #cmsmasters_counters_69f326b1e0d354_39031408 .cmsmasters_counter.counter_has_image .cmsmasters_counter_inner { \n\tpadding-top:70px; \n} \n\n#cmsmasters_counters_69f326b1e0d354_39031408.counters_type_vertical .cmsmasters_counter .cmsmasters_counter_inner:before { \n\tmargin-left:-30px; \n} \n\n#cmsmasters_counters_69f326b1e0d354_39031408.counters_type_horizontal .cmsmasters_counter .cmsmasters_counter_inner .cmsmasters_counter_counter_wrap { \n\tline-height:60px; \n} \n\n#cmsmasters_counters_69f326b1e0d354_39031408 .cmsmasters_counter .cmsmasters_counter_inner:before { \n\tfont-size:30px; \n\tline-height:60px; \n\twidth:60px; \n\theight:60px; \n\tborder-width:0px; \n\t-webkit-border-radius:50%; \n\tborder-radius:50%; \n} \n\n\n#cmsmasters_counter_69f326b1e1156 .cmsmasters_counter_inner:before { \n} \n\n#cmsmasters_counter_69f326b1e1156 .cmsmasters_counter_counter_wrap { \n\tcolor:#ffffff;\n} \n\n#cmsmasters_counter_69f326b1e11f8 .cmsmasters_counter_inner:before { \n} \n\n#cmsmasters_counter_69f326b1e11f8 .cmsmasters_counter_counter_wrap { \n\tcolor:#ffffff;\n} \n\n#cmsmasters_counter_69f326b1e129f .cmsmasters_counter_inner:before { \n} \n\n#cmsmasters_counter_69f326b1e129f .cmsmasters_counter_counter_wrap { \n\tcolor:#ffffff;\n} \n\n#cmsmasters_counter_69f326b1e134b .cmsmasters_counter_inner:before { \n} \n\n#cmsmasters_counter_69f326b1e134b .cmsmasters_counter_counter_wrap { \n\tcolor:#ffffff;\n} \n \n#cmsmasters_row_69f326b1e16298_55116114 .cmsmasters_row_outer_parent { \n\tpadding-top: 100px; \n} \n\n#cmsmasters_row_69f326b1e16298_55116114 .cmsmasters_row_outer_parent { \n\tpadding-bottom: 110px; \n} \n\n \n#cmsmasters_heading_69f326b1e15f13_07020150 { \n\ttext-align:center; \n\tmargin-top:-10px; \n\tmargin-bottom:80px; \n} \n\n#cmsmasters_heading_69f326b1e15f13_07020150 .cmsmasters_heading { \n\ttext-align:center; \n} \n\n#cmsmasters_heading_69f326b1e15f13_07020150 .cmsmasters_heading, #cmsmasters_heading_69f326b1e15f13_07020150 .cmsmasters_heading a { \n\tfont-family:'Leckerli One'; \n\tfont-size:24px; \n\tline-height:26px; \n\tfont-weight:normal; \n\tfont-style:normal; \n\tcolor:#cfdf5a;\n} \n\n#cmsmasters_heading_69f326b1e15f13_07020150 .cmsmasters_heading_divider { \n} \n\n<\/style><div id=\"cmsmasters_row_69f326b1df1b06_93060111\" class=\"cmsmasters_row cmsmasters_color_scheme_default cmsmasters_row_top_default cmsmasters_row_bot_default cmsmasters_row_boxed\">\n<div class=\"cmsmasters_row_outer_parent\">\n<div class=\"cmsmasters_row_outer\">\n<div class=\"cmsmasters_row_inner\">\n<div class=\"cmsmasters_row_margin\">\n<div class=\"cmsmasters_column one_first\">\n<div class=\"aligncenter\">\n<div class=\"cmsmasters_img  cmsmasters_image_c\">\n<img decoding=\"async\" src=\"\" \/>\n<\/div>\n<\/div>\n\n<div id=\"cmsmasters_heading_69f326b1e00d62_70967008\" class=\"cmsmasters_heading_wrap cmsmasters_heading_align_center\">\n\t<h1 class=\"cmsmasters_heading\">What<\/h1>\n<\/div>\n<div id=\"cmsmasters_heading_69f326b1e01f57_75744567\" class=\"cmsmasters_heading_wrap cmsmasters_heading_align_center\">\n\t<h1 class=\"cmsmasters_heading\">do our<\/h1>\n<\/div>\n<div id=\"cmsmasters_heading_69f326b1e02da0_91180704\" class=\"cmsmasters_heading_wrap cmsmasters_heading_align_center\">\n\t<h1 class=\"cmsmasters_heading\">customers<\/h1>\n<\/div>\n<div id=\"cmsmasters_heading_69f326b1e03ce9_69101651\" class=\"cmsmasters_heading_wrap cmsmasters_heading_align_center\">\n\t<h1 class=\"cmsmasters_heading\">say<\/h1>\n<\/div><div class=\"aligncenter\">\n<div class=\"cmsmasters_img  cmsmasters_image_c\">\n<img decoding=\"async\" src=\"\" \/>\n<\/div>\n<\/div>\n<\/div>\n<\/div>\n<\/div>\n<\/div>\n<\/div>\n<\/div>\n<div id=\"cmsmasters_row_69f326b1e0c2e4_63831832\" class=\"cmsmasters_row cmsmasters_color_scheme_default cmsmasters_row_top_default cmsmasters_row_bot_default cmsmasters_row_boxed\">\n<div class=\"cmsmasters_row_outer_parent\">\n<div class=\"cmsmasters_row_outer\">\n<div class=\"cmsmasters_row_inner\">\n<div class=\"cmsmasters_row_margin\">\n<div class=\"cmsmasters_column one_first\">\n \n<div id=\"cmsmasters_counters_69f326b1e0d354_39031408\" class=\"cmsmasters_counters counters_type_vertical\"><div class=\"cmsmasters_counter_wrap one_fourth\">\n<div id=\"cmsmasters_counter_69f326b1e1156\" class=\"cmsmasters_counter\" data-percent=\"182\">\n<div class=\"cmsmasters_counter_inner\">\n<span class=\"cmsmasters_counter_counter_wrap\">\n<span class=\"cmsmasters_counter_prefix\"><\/span><span class=\"cmsmasters_counter_counter\">0<\/span><span class=\"cmsmasters_counter_suffix\"><\/span>\n<\/span>\n<span class=\"cmsmasters_counter_title\">DISHES IN MENU<\/span>\n<\/div>\n<\/div>\n<\/div><div class=\"cmsmasters_counter_wrap one_fourth\">\n<div id=\"cmsmasters_counter_69f326b1e11f8\" class=\"cmsmasters_counter\" data-percent=\"300\">\n<div class=\"cmsmasters_counter_inner\">\n<span class=\"cmsmasters_counter_counter_wrap\">\n<span class=\"cmsmasters_counter_prefix\"><\/span><span class=\"cmsmasters_counter_counter\">0<\/span><span class=\"cmsmasters_counter_suffix\">+<\/span>\n<\/span>\n<span class=\"cmsmasters_counter_title\">VISITORS DAILY<\/span>\n<\/div>\n<\/div>\n<\/div><div class=\"cmsmasters_counter_wrap one_fourth\">\n<div id=\"cmsmasters_counter_69f326b1e129f\" class=\"cmsmasters_counter\" data-percent=\"12\">\n<div class=\"cmsmasters_counter_inner\">\n<span class=\"cmsmasters_counter_counter_wrap\">\n<span class=\"cmsmasters_counter_prefix\"><\/span><span class=\"cmsmasters_counter_counter\">0<\/span><span class=\"cmsmasters_counter_suffix\"><\/span>\n<\/span>\n<span class=\"cmsmasters_counter_title\">YEARS OF EXPERIENCE<\/span>\n<\/div>\n<\/div>\n<\/div><div class=\"cmsmasters_counter_wrap one_fourth\">\n<div id=\"cmsmasters_counter_69f326b1e134b\" class=\"cmsmasters_counter\" data-percent=\"100\">\n<div class=\"cmsmasters_counter_inner\">\n<span class=\"cmsmasters_counter_counter_wrap\">\n<span class=\"cmsmasters_counter_prefix\"><\/span><span class=\"cmsmasters_counter_counter\">0<\/span><span class=\"cmsmasters_counter_suffix\">%<\/span>\n<\/span>\n<span class=\"cmsmasters_counter_title\">TASTE AND FUN<\/span>\n<\/div>\n<\/div>\n<\/div><\/div>\n<\/div>\n<\/div>\n<\/div>\n<\/div>\n<\/div>\n<\/div>\n<div id=\"cmsmasters_row_69f326b1e16298_55116114\" class=\"cmsmasters_row cmsmasters_color_scheme_default cmsmasters_row_top_default cmsmasters_row_bot_default cmsmasters_row_boxed\">\n<div class=\"cmsmasters_row_outer_parent\">\n<div class=\"cmsmasters_row_outer\">\n<div class=\"cmsmasters_row_inner\">\n<div class=\"cmsmasters_row_margin\">\n<div class=\"cmsmasters_column one_first\">\n<div class=\"cmsmasters_text\">\n<h1 style=\"text-align: center;\">We love our customers<\/h1>\n<\/div>\n\n<div id=\"cmsmasters_heading_69f326b1e15f13_07020150\" class=\"cmsmasters_heading_wrap cmsmasters_heading_align_center\">\n\t<h6 class=\"cmsmasters_heading\">There is always something interesting here<\/h6>\n<\/div>\n<\/div>\n<\/div>\n<\/div>\n<div class=\"cmsmasters_row_inner\">\n<div class=\"cmsmasters_row_margin\">\n<div class=\"cmsmasters_column one_first\">\n<div class=\"cmsmasters_quotes cmsmasters_quotes_grid quote_two\">\n<span class=\"cmsmasters_quotes_vert\"><span><\/span><\/span><div class=\"cmsmasters_quotes_list\">\n<div class=\"cmsmasters_quote\">\n\r\n<!--_________________________ Start Grid Article _________________________ -->\r\n<article class=\"cmsmasters_quote_inner quote_without_img\"><div class=\"cmsmasters_quote_img_info_wrap\"><div class=\"cmsmasters_quote_info_wrap\"><header class=\"cmsmasters_quote_header\"><h3 class=\"cmsmasters_quote_title\">kikipani<\/h3><\/header><div class=\"cmsmasters_quote_subtitle_wrap\"><h6 class=\"cmsmasters_quote_subtitle\">enero de 2020<\/h6><\/div><\/div><\/div><div class=\"cmsmasters_quote_content\">\n<p>\u201cWe went to the smaller branch and had a fabulous lunch. The woman in the kitchen made the best pizzas we\u2019ve had in Lanzarote . Great friendly service and value for money tasty food &#8211; we went a further 2 times!\u201d<\/p>\n<\/div><\/article>\r\n<!--_________________________ Finish Grid Article _________________________ -->\r\n\r\n<\/div>\n<div class=\"cmsmasters_quote\">\n\r\n<!--_________________________ Start Grid Article _________________________ -->\r\n<article class=\"cmsmasters_quote_inner quote_without_img\"><div class=\"cmsmasters_quote_img_info_wrap\"><div class=\"cmsmasters_quote_info_wrap\"><header class=\"cmsmasters_quote_header\"><h3 class=\"cmsmasters_quote_title\">LanzLuxuryVillas<\/h3><\/header><div class=\"cmsmasters_quote_subtitle_wrap\"><h6 class=\"cmsmasters_quote_subtitle\">enero de 2020<\/h6><\/div><\/div><\/div><div class=\"cmsmasters_quote_content\">\n<p>\u201cBrilliant food, Tex Mex pizza is great. Arrive is quick, friendly and helpful<\/p>\n<p>Easy to find on Avenida, great place to people watch\u201d<\/p>\n<\/div><\/article>\r\n<!--_________________________ Finish Grid Article _________________________ -->\r\n\r\n<\/div>\n<\/div><div class=\"cmsmasters_quotes_list\"><div class=\"cmsmasters_quote\">\n\r\n<!--_________________________ Start Grid Article _________________________ -->\r\n<article class=\"cmsmasters_quote_inner quote_without_img\"><div class=\"cmsmasters_quote_img_info_wrap\"><div class=\"cmsmasters_quote_info_wrap\"><header class=\"cmsmasters_quote_header\"><h3 class=\"cmsmasters_quote_title\">wwendolin<\/h3><\/header><div class=\"cmsmasters_quote_subtitle_wrap\"><h6 class=\"cmsmasters_quote_subtitle\">febrero de 2020<\/h6><\/div><\/div><\/div><div class=\"cmsmasters_quote_content\">\n<p>\u201cPrecios geniales para unas pizzas extra ricas! Tienen pizza mediana , XL, y de metro; hemos pedido las medianas y si pides una por persona&#8230; es muy probable que no se\u00e1is capaces de terminarla. Adem\u00e1s disponen de menu del d\u00eda. Personal s\u00faper amable y atenci\u00f3n estupenda! Repetiremos sin duda.\u201d<\/p>\n<\/div><\/article>\r\n<!--_________________________ Finish Grid Article _________________________ -->\r\n\r\n<\/div>\n<div class=\"cmsmasters_quote\">\n\r\n<!--_________________________ Start Grid Article _________________________ -->\r\n<article class=\"cmsmasters_quote_inner quote_without_img\"><div class=\"cmsmasters_quote_img_info_wrap\"><div class=\"cmsmasters_quote_info_wrap\"><header class=\"cmsmasters_quote_header\"><h3 class=\"cmsmasters_quote_title\">JORGE FLOREZ<\/h3><\/header><div class=\"cmsmasters_quote_subtitle_wrap\"><h6 class=\"cmsmasters_quote_subtitle\">Febrero 2020<\/h6><\/div><\/div><\/div><div class=\"cmsmasters_quote_content\">\n<p>\u201cExcelentes pizzas, servicio,ubicacion y precios. El horario genial para las personas que salen tarde y quieren reunirse en este sitio.\u201d<\/p>\n<\/div><\/article>\r\n<!--_________________________ Finish Grid Article _________________________ -->\r\n\r\n<\/div>\n<\/div><div class=\"cmsmasters_quotes_list\"><div class=\"cmsmasters_quote\">\n\r\n<!--_________________________ Start Grid Article _________________________ -->\r\n<article class=\"cmsmasters_quote_inner quote_without_img\"><div class=\"cmsmasters_quote_img_info_wrap\"><div class=\"cmsmasters_quote_info_wrap\"><header class=\"cmsmasters_quote_header\"><h3 class=\"cmsmasters_quote_title\">Chris Sutherland<\/h3><\/header><div class=\"cmsmasters_quote_subtitle_wrap\"><h6 class=\"cmsmasters_quote_subtitle\">Febrero 2020<\/h6><\/div><\/div><\/div><div class=\"cmsmasters_quote_content\">\n<p>\u00abLovely meal last night. 10 of us turned up and staff were very accomodating and patient with the children! Food was really good and excellent value. The Garlic Prawns were dynamite!!!\u00bb<\/p>\n<\/div><\/article>\r\n<!--_________________________ Finish Grid Article _________________________ -->\r\n\r\n<\/div>\n<span class=\"cl\"><\/span><\/div>\n<\/div>\n<\/div>\n<\/div>\n<\/div>\n<\/div>\n<\/div>\n<\/div>\n\n","protected":false},"excerpt":{"rendered":"","protected":false},"author":1,"featured_media":0,"parent":0,"menu_order":0,"comment_status":"closed","ping_status":"closed","template":"","meta":{"om_disable_all_campaigns":false,"_monsterinsights_skip_tracking":false,"_monsterinsights_sitenote_active":false,"_monsterinsights_sitenote_note":"","_monsterinsights_sitenote_category":0,"_uf_show_specific_survey":0,"_uf_disable_surveys":false,"_joinchat":[],"footnotes":""},"class_list":["post-13283","page","type-page","status-publish","hentry"],"aioseo_notices":[],"_links":{"self":[{"href":"https:\/\/restaurantelarustica.com\/pizzaypasta\/wp-json\/wp\/v2\/pages\/13283","targetHints":{"allow":["GET"]}}],"collection":[{"href":"https:\/\/restaurantelarustica.com\/pizzaypasta\/wp-json\/wp\/v2\/pages"}],"about":[{"href":"https:\/\/restaurantelarustica.com\/pizzaypasta\/wp-json\/wp\/v2\/types\/page"}],"author":[{"embeddable":true,"href":"https:\/\/restaurantelarustica.com\/pizzaypasta\/wp-json\/wp\/v2\/users\/1"}],"replies":[{"embeddable":true,"href":"https:\/\/restaurantelarustica.com\/pizzaypasta\/wp-json\/wp\/v2\/comments?post=13283"}],"version-history":[{"count":2,"href":"https:\/\/restaurantelarustica.com\/pizzaypasta\/wp-json\/wp\/v2\/pages\/13283\/revisions"}],"predecessor-version":[{"id":13653,"href":"https:\/\/restaurantelarustica.com\/pizzaypasta\/wp-json\/wp\/v2\/pages\/13283\/revisions\/13653"}],"wp:attachment":[{"href":"https:\/\/restaurantelarustica.com\/pizzaypasta\/wp-json\/wp\/v2\/media?parent=13283"}],"curies":[{"name":"wp","href":"https:\/\/api.w.org\/{rel}","templated":true}]}}